{"id":3755,"date":"2024-06-24T12:56:51","date_gmt":"2024-06-24T18:56:51","guid":{"rendered":"https:\/\/papelerialaprepa.com\/?post_type=product&#038;p=3755"},"modified":"2024-06-24T12:56:51","modified_gmt":"2024-06-24T18:56:51","slug":"liston-curling-metalico-x-metro","status":"publish","type":"product","link":"https:\/\/papelerialaprepa.com\/?product=liston-curling-metalico-x-metro","title":{"rendered":"List\u00f3n Curling Met\u00e1lico X Metro"},"content":{"rendered":"<p>List\u00f3n Curling Met\u00e1lico<\/p>\n<ul>\n<li>Met\u00e1lico<\/li>\n<li>Por metro<\/li>\n<li>Variedad de colores<\/li>\n<\/ul>\n","protected":false},"excerpt":{"rendered":"<p>List\u00f3n Curling Met\u00e1lico<\/p>\n<ul>\n<li>Met\u00e1lico<\/li>\n<li>Por metro<\/li>\n<\/ul>\n","protected":false},"featured_media":3715,"comment_status":"closed","ping_status":"closed","template":"","meta":[],"product_brand":[],"product_cat":[128],"product_tag":[],"class_list":{"0":"post-3755","1":"product","2":"type-product","3":"status-publish","4":"has-post-thumbnail","6":"product_cat-listones","8":"first","9":"instock","10":"shipping-taxable","11":"purchasable","12":"product-type-variable"},"_links":{"self":[{"href":"https:\/\/papelerialaprepa.com\/index.php?rest_route=\/wp\/v2\/product\/3755","targetHints":{"allow":["GET"]}}],"collection":[{"href":"https:\/\/papelerialaprepa.com\/index.php?rest_route=\/wp\/v2\/product"}],"about":[{"href":"https:\/\/papelerialaprepa.com\/index.php?rest_route=\/wp\/v2\/types\/product"}],"replies":[{"embeddable":true,"href":"https:\/\/papelerialaprepa.com\/index.php?rest_route=%2Fwp%2Fv2%2Fcomments&post=3755"}],"wp:featuredmedia":[{"embeddable":true,"href":"https:\/\/papelerialaprepa.com\/index.php?rest_route=\/wp\/v2\/media\/3715"}],"wp:attachment":[{"href":"https:\/\/papelerialaprepa.com\/index.php?rest_route=%2Fwp%2Fv2%2Fmedia&parent=3755"}],"wp:term":[{"taxonomy":"product_brand","embeddable":true,"href":"https:\/\/papelerialaprepa.com\/index.php?rest_route=%2Fwp%2Fv2%2Fproduct_brand&post=3755"},{"taxonomy":"product_cat","embeddable":true,"href":"https:\/\/papelerialaprepa.com\/index.php?rest_route=%2Fwp%2Fv2%2Fproduct_cat&post=3755"},{"taxonomy":"product_tag","embeddable":true,"href":"https:\/\/papelerialaprepa.com\/index.php?rest_route=%2Fwp%2Fv2%2Fproduct_tag&post=3755"}],"curies":[{"name":"wp","href":"https:\/\/api.w.org\/{rel}","templated":true}]}}