{"id":3286,"date":"2024-06-18T18:38:33","date_gmt":"2024-06-19T00:38:33","guid":{"rendered":"https:\/\/papelerialaprepa.com\/?post_type=product&#038;p=3286"},"modified":"2025-07-20T20:22:26","modified_gmt":"2025-07-21T02:22:26","slug":"mouse-optico-alambrico-easy-line","status":"publish","type":"product","link":"https:\/\/papelerialaprepa.com\/?product=mouse-optico-alambrico-easy-line","title":{"rendered":"Mouse \u00d3ptico Al\u00e1mbrico Easy Line"},"content":{"rendered":"<p>Mouse \u00d3ptico<\/p>\n<ul>\n<li>Color negro<\/li>\n<li>Marca Easy Line<\/li>\n<\/ul>\n","protected":false},"excerpt":{"rendered":"<p>Mouse \u00d3ptico<\/p>\n<ul>\n<li>Color negro<\/li>\n<li>Marca Easy Line<\/li>\n<\/ul>\n","protected":false},"featured_media":3287,"comment_status":"closed","ping_status":"closed","template":"","meta":[],"product_brand":[],"product_cat":[126],"product_tag":[],"class_list":{"0":"post-3286","1":"product","2":"type-product","3":"status-publish","4":"has-post-thumbnail","6":"product_cat-articulos-en-computadoras","8":"first","9":"instock","10":"shipping-taxable","11":"purchasable","12":"product-type-simple"},"_links":{"self":[{"href":"https:\/\/papelerialaprepa.com\/index.php?rest_route=\/wp\/v2\/product\/3286","targetHints":{"allow":["GET"]}}],"collection":[{"href":"https:\/\/papelerialaprepa.com\/index.php?rest_route=\/wp\/v2\/product"}],"about":[{"href":"https:\/\/papelerialaprepa.com\/index.php?rest_route=\/wp\/v2\/types\/product"}],"replies":[{"embeddable":true,"href":"https:\/\/papelerialaprepa.com\/index.php?rest_route=%2Fwp%2Fv2%2Fcomments&post=3286"}],"wp:featuredmedia":[{"embeddable":true,"href":"https:\/\/papelerialaprepa.com\/index.php?rest_route=\/wp\/v2\/media\/3287"}],"wp:attachment":[{"href":"https:\/\/papelerialaprepa.com\/index.php?rest_route=%2Fwp%2Fv2%2Fmedia&parent=3286"}],"wp:term":[{"taxonomy":"product_brand","embeddable":true,"href":"https:\/\/papelerialaprepa.com\/index.php?rest_route=%2Fwp%2Fv2%2Fproduct_brand&post=3286"},{"taxonomy":"product_cat","embeddable":true,"href":"https:\/\/papelerialaprepa.com\/index.php?rest_route=%2Fwp%2Fv2%2Fproduct_cat&post=3286"},{"taxonomy":"product_tag","embeddable":true,"href":"https:\/\/papelerialaprepa.com\/index.php?rest_route=%2Fwp%2Fv2%2Fproduct_tag&post=3286"}],"curies":[{"name":"wp","href":"https:\/\/api.w.org\/{rel}","templated":true}]}}