{"id":3251,"date":"2024-06-18T16:41:38","date_gmt":"2024-06-18T22:41:38","guid":{"rendered":"https:\/\/papelerialaprepa.com\/?post_type=product&#038;p=3251"},"modified":"2024-06-18T16:41:38","modified_gmt":"2024-06-18T22:41:38","slug":"mono-grande-celomagico-mate","status":"publish","type":"product","link":"https:\/\/papelerialaprepa.com\/?product=mono-grande-celomagico-mate","title":{"rendered":"Mo\u00f1o Grande Celom\u00e1gico Mate"},"content":{"rendered":"<p>Mo\u00f1os Grande Mate<\/p>\n<ul>\n<li>Se arma f\u00e1cilmente<\/li>\n<li>Variedad de colores<\/li>\n<\/ul>\n","protected":false},"excerpt":{"rendered":"<p>Mo\u00f1os Grande Mate<\/p>\n<ul>\n<li>Se arma f\u00e1cilmente<\/li>\n<li>Variedad de colores<\/li>\n<\/ul>\n","protected":false},"featured_media":3259,"comment_status":"closed","ping_status":"closed","template":"","meta":[],"product_brand":[],"product_cat":[129],"product_tag":[],"class_list":{"0":"post-3251","1":"product","2":"type-product","3":"status-publish","4":"has-post-thumbnail","6":"product_cat-monos","8":"first","9":"instock","10":"shipping-taxable","11":"purchasable","12":"product-type-variable"},"_links":{"self":[{"href":"https:\/\/papelerialaprepa.com\/index.php?rest_route=\/wp\/v2\/product\/3251","targetHints":{"allow":["GET"]}}],"collection":[{"href":"https:\/\/papelerialaprepa.com\/index.php?rest_route=\/wp\/v2\/product"}],"about":[{"href":"https:\/\/papelerialaprepa.com\/index.php?rest_route=\/wp\/v2\/types\/product"}],"replies":[{"embeddable":true,"href":"https:\/\/papelerialaprepa.com\/index.php?rest_route=%2Fwp%2Fv2%2Fcomments&post=3251"}],"wp:featuredmedia":[{"embeddable":true,"href":"https:\/\/papelerialaprepa.com\/index.php?rest_route=\/wp\/v2\/media\/3259"}],"wp:attachment":[{"href":"https:\/\/papelerialaprepa.com\/index.php?rest_route=%2Fwp%2Fv2%2Fmedia&parent=3251"}],"wp:term":[{"taxonomy":"product_brand","embeddable":true,"href":"https:\/\/papelerialaprepa.com\/index.php?rest_route=%2Fwp%2Fv2%2Fproduct_brand&post=3251"},{"taxonomy":"product_cat","embeddable":true,"href":"https:\/\/papelerialaprepa.com\/index.php?rest_route=%2Fwp%2Fv2%2Fproduct_cat&post=3251"},{"taxonomy":"product_tag","embeddable":true,"href":"https:\/\/papelerialaprepa.com\/index.php?rest_route=%2Fwp%2Fv2%2Fproduct_tag&post=3251"}],"curies":[{"name":"wp","href":"https:\/\/api.w.org\/{rel}","templated":true}]}}