{"id":2942,"date":"2024-06-14T10:48:15","date_gmt":"2024-06-14T16:48:15","guid":{"rendered":"https:\/\/papelerialaprepa.com\/?post_type=product&#038;p=2942"},"modified":"2025-08-18T12:59:56","modified_gmt":"2025-08-18T18:59:56","slug":"lapiz-kores-duo","status":"publish","type":"product","link":"https:\/\/papelerialaprepa.com\/?product=lapiz-kores-duo","title":{"rendered":"L\u00e1piz Kores D\u00fao"},"content":{"rendered":"<p>L\u00e1piz Kor\u00e9s<\/p>\n<ul>\n<li>D\u00fao<\/li>\n<li>L\u00e1piz y rojo<\/li>\n<\/ul>\n","protected":false},"excerpt":{"rendered":"<p>L\u00e1piz Kor\u00e9s<\/p>\n<ul>\n<li>D\u00fao<\/li>\n<li>L\u00e1piz y rojo<\/li>\n<\/ul>\n","protected":false},"featured_media":2943,"comment_status":"closed","ping_status":"closed","template":"","meta":[],"product_brand":[],"product_cat":[106],"product_tag":[],"class_list":{"0":"post-2942","1":"product","2":"type-product","3":"status-publish","4":"has-post-thumbnail","6":"product_cat-lapices","8":"first","9":"instock","10":"shipping-taxable","11":"purchasable","12":"product-type-simple"},"_links":{"self":[{"href":"https:\/\/papelerialaprepa.com\/index.php?rest_route=\/wp\/v2\/product\/2942","targetHints":{"allow":["GET"]}}],"collection":[{"href":"https:\/\/papelerialaprepa.com\/index.php?rest_route=\/wp\/v2\/product"}],"about":[{"href":"https:\/\/papelerialaprepa.com\/index.php?rest_route=\/wp\/v2\/types\/product"}],"replies":[{"embeddable":true,"href":"https:\/\/papelerialaprepa.com\/index.php?rest_route=%2Fwp%2Fv2%2Fcomments&post=2942"}],"wp:featuredmedia":[{"embeddable":true,"href":"https:\/\/papelerialaprepa.com\/index.php?rest_route=\/wp\/v2\/media\/2943"}],"wp:attachment":[{"href":"https:\/\/papelerialaprepa.com\/index.php?rest_route=%2Fwp%2Fv2%2Fmedia&parent=2942"}],"wp:term":[{"taxonomy":"product_brand","embeddable":true,"href":"https:\/\/papelerialaprepa.com\/index.php?rest_route=%2Fwp%2Fv2%2Fproduct_brand&post=2942"},{"taxonomy":"product_cat","embeddable":true,"href":"https:\/\/papelerialaprepa.com\/index.php?rest_route=%2Fwp%2Fv2%2Fproduct_cat&post=2942"},{"taxonomy":"product_tag","embeddable":true,"href":"https:\/\/papelerialaprepa.com\/index.php?rest_route=%2Fwp%2Fv2%2Fproduct_tag&post=2942"}],"curies":[{"name":"wp","href":"https:\/\/api.w.org\/{rel}","templated":true}]}}